{"id":1375,"date":"2020-10-19T12:05:00","date_gmt":"2020-10-19T10:05:00","guid":{"rendered":"https:\/\/cplumbier.educacion.navarra.es\/web\/?page_id=1375"},"modified":"2020-10-19T12:57:31","modified_gmt":"2020-10-19T10:57:31","slug":"5-anos","status":"publish","type":"page","link":"https:\/\/cplumbier.educacion.navarra.es\/web\/5-anos\/","title":{"rendered":"5 A\u00d1OS"},"content":{"rendered":"\n<p class=\"has-text-color has-background\" style=\"background-color:#f7d5fa;color:#0cb56f\">A continuaci\u00f3n pod\u00e9is encontrar el calendario de acceso a las actividades que el alumnado realizar\u00e1 de manera no presencial, pinchando en el siguiente link.<\/p>\n\n\n\n<div class=\"wp-block-media-text alignwide is-stacked-on-mobile has-background\" style=\"background-color:#f7d5fa\"><figure class=\"wp-block-media-text__media\"><img loading=\"lazy\" width=\"724\" height=\"1024\" src=\"https:\/\/cplumbier.educacion.navarra.es\/web\/wp-content\/uploads\/2020\/10\/Monstruo_todoscolores-1-724x1024.jpg\" alt=\"\" class=\"wp-image-1376\" srcset=\"https:\/\/cplumbier.educacion.navarra.es\/web\/wp-content\/uploads\/2020\/10\/Monstruo_todoscolores-1-724x1024.jpg 724w, https:\/\/cplumbier.educacion.navarra.es\/web\/wp-content\/uploads\/2020\/10\/Monstruo_todoscolores-1-212x300.jpg 212w, https:\/\/cplumbier.educacion.navarra.es\/web\/wp-content\/uploads\/2020\/10\/Monstruo_todoscolores-1-768x1086.jpg 768w, https:\/\/cplumbier.educacion.navarra.es\/web\/wp-content\/uploads\/2020\/10\/Monstruo_todoscolores-1-1086x1536.jpg 1086w, https:\/\/cplumbier.educacion.navarra.es\/web\/wp-content\/uploads\/2020\/10\/Monstruo_todoscolores-1-1448x2048.jpg 1448w, https:\/\/cplumbier.educacion.navarra.es\/web\/wp-content\/uploads\/2020\/10\/Monstruo_todoscolores-1.jpg 1754w\" sizes=\"(max-width: 724px) 100vw, 724px\" \/><\/figure><div class=\"wp-block-media-text__content\">\n<p class=\"has-drop-cap has-text-color has-larger-font-size\" style=\"color:#0cb56f\"><a href=\"https:\/\/docs.google.com\/document\/d\/1wV5bWCWgMoaD_QL3IUqchkGWzBG-fuXatst_BYUdeZw\/edit?usp=sharing\" target=\"_blank\" rel=\"noreferrer noopener\">Calendario de actividades<\/a><\/p>\n<\/div><\/div>\n\n\n\n<p><\/p>\n","protected":false},"excerpt":{"rendered":"<p>A continuaci\u00f3n pod\u00e9is encontrar el calendario de acceso a las actividades que el alumnado realizar\u00e1 de manera no presencial, pinchando en el siguiente link. Calendario de actividades<\/p>\n","protected":false},"author":1,"featured_media":0,"parent":0,"menu_order":0,"comment_status":"closed","ping_status":"closed","template":"","meta":{"_genesis_hide_title":false,"_genesis_hide_breadcrumbs":false,"_genesis_hide_singular_image":false,"_genesis_hide_footer_widgets":false,"_genesis_custom_body_class":"","_genesis_custom_post_class":"","_genesis_layout":""},"_links":{"self":[{"href":"https:\/\/cplumbier.educacion.navarra.es\/web\/wp-json\/wp\/v2\/pages\/1375"}],"collection":[{"href":"https:\/\/cplumbier.educacion.navarra.es\/web\/wp-json\/wp\/v2\/pages"}],"about":[{"href":"https:\/\/cplumbier.educacion.navarra.es\/web\/wp-json\/wp\/v2\/types\/page"}],"author":[{"embeddable":true,"href":"https:\/\/cplumbier.educacion.navarra.es\/web\/wp-json\/wp\/v2\/users\/1"}],"replies":[{"embeddable":true,"href":"https:\/\/cplumbier.educacion.navarra.es\/web\/wp-json\/wp\/v2\/comments?post=1375"}],"version-history":[{"count":2,"href":"https:\/\/cplumbier.educacion.navarra.es\/web\/wp-json\/wp\/v2\/pages\/1375\/revisions"}],"predecessor-version":[{"id":1758,"href":"https:\/\/cplumbier.educacion.navarra.es\/web\/wp-json\/wp\/v2\/pages\/1375\/revisions\/1758"}],"wp:attachment":[{"href":"https:\/\/cplumbier.educacion.navarra.es\/web\/wp-json\/wp\/v2\/media?parent=1375"}],"curies":[{"name":"wp","href":"https:\/\/api.w.org\/{rel}","templated":true}]}}