{"id":1391,"date":"2020-10-19T12:35:00","date_gmt":"2020-10-19T10:35:00","guid":{"rendered":"https:\/\/cplumbier.educacion.navarra.es\/web\/?page_id=1391"},"modified":"2020-10-19T12:59:14","modified_gmt":"2020-10-19T10:59:14","slug":"5o-y-6o-e-primaria","status":"publish","type":"page","link":"https:\/\/cplumbier.educacion.navarra.es\/web\/5o-y-6o-e-primaria\/","title":{"rendered":"5\u00ba y 6\u00ba E.PRIMARIA"},"content":{"rendered":"\n<p class=\"has-text-color has-background\" style=\"background-color:#de6fe6;color:#ffffff\"><a href=\"#f3f3f3\">A continuaci\u00f3n pod\u00e9is encontrar el calendario de acceso a las actividades que el alumnado realizar\u00e1 de manera no presencial, pinchando en el siguiente link.<\/a><\/p>\n\n\n\n<div class=\"wp-block-media-text alignwide is-stacked-on-mobile has-background\" style=\"background-color:#de6fe6\"><figure class=\"wp-block-media-text__media\"><img loading=\"lazy\" width=\"724\" height=\"1024\" src=\"https:\/\/cplumbier.educacion.navarra.es\/web\/wp-content\/uploads\/2020\/10\/Monstruo_rosaamor-724x1024.jpg\" alt=\"\" class=\"wp-image-1392\" srcset=\"https:\/\/cplumbier.educacion.navarra.es\/web\/wp-content\/uploads\/2020\/10\/Monstruo_rosaamor-724x1024.jpg 724w, https:\/\/cplumbier.educacion.navarra.es\/web\/wp-content\/uploads\/2020\/10\/Monstruo_rosaamor-212x300.jpg 212w, https:\/\/cplumbier.educacion.navarra.es\/web\/wp-content\/uploads\/2020\/10\/Monstruo_rosaamor-768x1086.jpg 768w, https:\/\/cplumbier.educacion.navarra.es\/web\/wp-content\/uploads\/2020\/10\/Monstruo_rosaamor-1086x1536.jpg 1086w, https:\/\/cplumbier.educacion.navarra.es\/web\/wp-content\/uploads\/2020\/10\/Monstruo_rosaamor-1448x2048.jpg 1448w, https:\/\/cplumbier.educacion.navarra.es\/web\/wp-content\/uploads\/2020\/10\/Monstruo_rosaamor.jpg 1754w\" sizes=\"(max-width: 724px) 100vw, 724px\" \/><\/figure><div class=\"wp-block-media-text__content\">\n<p class=\"has-drop-cap has-text-color has-background has-large-font-size\" style=\"background-color:#de6fe6;color:#f3f3f3\"><a href=\"https:\/\/docs.google.com\/document\/d\/1G-Ds84nPaMohEhuBT9N6puA8rMWdjd34lyZnf2Vv1hs\/edit?usp=sharing\" target=\"_blank\" rel=\"noreferrer noopener\">Calendario de actividades<\/a><\/p>\n<\/div><\/div>\n","protected":false},"excerpt":{"rendered":"<p>A continuaci\u00f3n pod\u00e9is encontrar el calendario de acceso a las actividades que el alumnado realizar\u00e1 de manera no presencial, pinchando en el siguiente link. Calendario de actividades<\/p>\n","protected":false},"author":1,"featured_media":0,"parent":0,"menu_order":0,"comment_status":"closed","ping_status":"closed","template":"","meta":{"_genesis_hide_title":false,"_genesis_hide_breadcrumbs":false,"_genesis_hide_singular_image":false,"_genesis_hide_footer_widgets":false,"_genesis_custom_body_class":"","_genesis_custom_post_class":"","_genesis_layout":""},"_links":{"self":[{"href":"https:\/\/cplumbier.educacion.navarra.es\/web\/wp-json\/wp\/v2\/pages\/1391"}],"collection":[{"href":"https:\/\/cplumbier.educacion.navarra.es\/web\/wp-json\/wp\/v2\/pages"}],"about":[{"href":"https:\/\/cplumbier.educacion.navarra.es\/web\/wp-json\/wp\/v2\/types\/page"}],"author":[{"embeddable":true,"href":"https:\/\/cplumbier.educacion.navarra.es\/web\/wp-json\/wp\/v2\/users\/1"}],"replies":[{"embeddable":true,"href":"https:\/\/cplumbier.educacion.navarra.es\/web\/wp-json\/wp\/v2\/comments?post=1391"}],"version-history":[{"count":2,"href":"https:\/\/cplumbier.educacion.navarra.es\/web\/wp-json\/wp\/v2\/pages\/1391\/revisions"}],"predecessor-version":[{"id":1394,"href":"https:\/\/cplumbier.educacion.navarra.es\/web\/wp-json\/wp\/v2\/pages\/1391\/revisions\/1394"}],"wp:attachment":[{"href":"https:\/\/cplumbier.educacion.navarra.es\/web\/wp-json\/wp\/v2\/media?parent=1391"}],"curies":[{"name":"wp","href":"https:\/\/api.w.org\/{rel}","templated":true}]}}