{"id":777,"date":"2018-10-28T21:35:33","date_gmt":"2018-10-28T20:35:33","guid":{"rendered":"https:\/\/cplumbier.educacion.navarra.es\/web\/?page_id=777"},"modified":"2025-02-05T10:22:54","modified_gmt":"2025-02-05T09:22:54","slug":"comedor","status":"publish","type":"page","link":"https:\/\/cplumbier.educacion.navarra.es\/web\/comedor\/","title":{"rendered":"COMEDOR"},"content":{"rendered":"<p>El Centro dispone de un servicio de de Comedor Escolar proporcionado por la empresa Aramark.<br \/>Las familias que as\u00ed lo deseen pueden contratar el servicio para sus hijas e hijos avisando con <strong>un d\u00eda de antelaci\u00f3n y antes de las 14:00 horas<\/strong> al siguiente correo:<\/p>\n<p style=\"text-align: center;\"><strong>cplumbie-comedor@educacion.navarra.es<\/strong><\/p>\n\n\n<p><\/p>\n\n\n\n<div class=\"wp-block-file\"><object class=\"wp-block-file__embed\" data=\"https:\/\/cplumbier.educacion.navarra.es\/web\/wp-content\/uploads\/2025\/02\/SAN-JUAN-DE-LUMBIER-FEBRERO.pdf\" type=\"application\/pdf\" style=\"width:100%;height:600px\" aria-label=\"Incrustado de SAN-JUAN-DE-LUMBIER-FEBRERO.\"><\/object><a id=\"wp-block-file--media-edb22580-ed57-45b0-b326-6c4dfad09688\" href=\"https:\/\/cplumbier.educacion.navarra.es\/web\/wp-content\/uploads\/2025\/02\/SAN-JUAN-DE-LUMBIER-FEBRERO.pdf\">SAN-JUAN-DE-LUMBIER-FEBRERO<\/a><a href=\"https:\/\/cplumbier.educacion.navarra.es\/web\/wp-content\/uploads\/2025\/02\/SAN-JUAN-DE-LUMBIER-FEBRERO.pdf\" class=\"wp-block-file__button\" download aria-describedby=\"wp-block-file--media-edb22580-ed57-45b0-b326-6c4dfad09688\">Descarga<\/a><\/div>\n","protected":false},"excerpt":{"rendered":"<p>El Centro dispone de un servicio de de Comedor Escolar proporcionado por la empresa Aramark.Las familias que as\u00ed lo deseen pueden contratar el servicio para sus hijas e hijos avisando con un d\u00eda de antelaci\u00f3n y antes de las 14:00 horas al siguiente correo: cplumbie-comedor@educacion.navarra.es<\/p>\n","protected":false},"author":1,"featured_media":0,"parent":0,"menu_order":0,"comment_status":"closed","ping_status":"closed","template":"","meta":{"_genesis_hide_title":false,"_genesis_hide_breadcrumbs":false,"_genesis_hide_singular_image":false,"_genesis_hide_footer_widgets":false,"_genesis_custom_body_class":"","_genesis_custom_post_class":"","_genesis_layout":""},"_links":{"self":[{"href":"https:\/\/cplumbier.educacion.navarra.es\/web\/wp-json\/wp\/v2\/pages\/777"}],"collection":[{"href":"https:\/\/cplumbier.educacion.navarra.es\/web\/wp-json\/wp\/v2\/pages"}],"about":[{"href":"https:\/\/cplumbier.educacion.navarra.es\/web\/wp-json\/wp\/v2\/types\/page"}],"author":[{"embeddable":true,"href":"https:\/\/cplumbier.educacion.navarra.es\/web\/wp-json\/wp\/v2\/users\/1"}],"replies":[{"embeddable":true,"href":"https:\/\/cplumbier.educacion.navarra.es\/web\/wp-json\/wp\/v2\/comments?post=777"}],"version-history":[{"count":11,"href":"https:\/\/cplumbier.educacion.navarra.es\/web\/wp-json\/wp\/v2\/pages\/777\/revisions"}],"predecessor-version":[{"id":2077,"href":"https:\/\/cplumbier.educacion.navarra.es\/web\/wp-json\/wp\/v2\/pages\/777\/revisions\/2077"}],"wp:attachment":[{"href":"https:\/\/cplumbier.educacion.navarra.es\/web\/wp-json\/wp\/v2\/media?parent=777"}],"curies":[{"name":"wp","href":"https:\/\/api.w.org\/{rel}","templated":true}]}}